{"id":130,"date":"2015-08-24T21:23:15","date_gmt":"2015-08-24T20:23:15","guid":{"rendered":"http:\/\/www.drbrassard.com\/en\/a-propos\/"},"modified":"2023-09-19T15:47:32","modified_gmt":"2023-09-19T19:47:32","slug":"about-us","status":"publish","type":"page","link":"https:\/\/www.drbrassard.com\/en\/about-us\/","title":{"rendered":"About us"},"content":{"rendered":"<p style=\"text-align: justify;\">Dr. Pierre Brassard&#8217;s Cosmetic Surgery Clinic offers highly professional plastic and cosmetic surgery services that meet the highest standards in patient health and safety.<\/p>\n<p style=\"text-align: justify;\">Whether for surgical or non-surgical procedures, Dr. Pierre Brassard, along with his team, offer a reassuring environment. The details surrounding your procedure will be explained to you clearly and all of your questions will be answered. With facilities on the cutting edge of technology, the Clinic is located just steps from the Centre M\u00e9tropolitain de Chirurgie, the private hospital where surgical procedures are performed.<\/p>\n<p style=\"text-align: justify;\">Dr. Pierre Brassard is a member of the <a href=\"http:\/\/www.ascpeq.org\/\">Association des Sp\u00e9cialistes en Chirurgie Plastique et Esth\u00e9tique du Qu\u00e9bec<\/a> (ASCPEQ). He has a license to practice and is certified by several professional associations.<\/p>\n","protected":false},"excerpt":{"rendered":"<p>Dr. Pierre Brassard&#8217;s Cosmetic Surgery Clinic offers highly professional plastic and cosmetic surgery services that meet the highest standards in patient health and safety. Whether for surgical or non-surgical procedures, Dr. Pierre Brassard, along with his team, offer a reassuring environment. The details surrounding your procedure will be explained to you clearly and all of&#8230;<\/p>\n","protected":false},"author":6,"featured_media":0,"parent":0,"menu_order":2,"comment_status":"closed","ping_status":"closed","template":"template-internes.php","meta":[],"yoast_head":"<!-- This site is optimized with the Yoast SEO plugin v20.2.1 - https:\/\/yoast.com\/wordpress\/plugins\/seo\/ -->\n<title>About us - Dr. Brassard<\/title>\n<meta name=\"robots\" content=\"index, follow, max-snippet:-1, max-image-preview:large, max-video-preview:-1\" \/>\n<link rel=\"canonical\" href=\"https:\/\/www.drbrassard.com\/en\/about-us\/\" \/>\n<meta property=\"og:locale\" content=\"en_US\" \/>\n<meta property=\"og:type\" content=\"article\" \/>\n<meta property=\"og:title\" content=\"About us - Dr. Brassard\" \/>\n<meta property=\"og:description\" content=\"Dr. Pierre Brassard&#8217;s Cosmetic Surgery Clinic offers highly professional plastic and cosmetic surgery services that meet the highest standards in patient health and safety. Whether for surgical or non-surgical procedures, Dr. Pierre Brassard, along with his team, offer a reassuring environment. The details surrounding your procedure will be explained to you clearly and all of...\" \/>\n<meta property=\"og:url\" content=\"https:\/\/www.drbrassard.com\/en\/about-us\/\" \/>\n<meta property=\"og:site_name\" content=\"Dr. Brassard\" \/>\n<meta property=\"article:modified_time\" content=\"2023-09-19T19:47:32+00:00\" \/>\n<meta name=\"twitter:label1\" content=\"Est. reading time\" \/>\n\t<meta name=\"twitter:data1\" content=\"1 minute\" \/>\n<script type=\"application\/ld+json\" class=\"yoast-schema-graph\">{\"@context\":\"https:\/\/schema.org\",\"@graph\":[{\"@type\":\"WebPage\",\"@id\":\"https:\/\/www.drbrassard.com\/en\/about-us\/\",\"url\":\"https:\/\/www.drbrassard.com\/en\/about-us\/\",\"name\":\"About us - Dr. Brassard\",\"isPartOf\":{\"@id\":\"https:\/\/www.drbrassard.com\/#website\"},\"datePublished\":\"2015-08-24T20:23:15+00:00\",\"dateModified\":\"2023-09-19T19:47:32+00:00\",\"breadcrumb\":{\"@id\":\"https:\/\/www.drbrassard.com\/en\/about-us\/#breadcrumb\"},\"inLanguage\":\"en-US\",\"potentialAction\":[{\"@type\":\"ReadAction\",\"target\":[\"https:\/\/www.drbrassard.com\/en\/about-us\/\"]}]},{\"@type\":\"BreadcrumbList\",\"@id\":\"https:\/\/www.drbrassard.com\/en\/about-us\/#breadcrumb\",\"itemListElement\":[{\"@type\":\"ListItem\",\"position\":1,\"name\":\"Accueil\",\"item\":\"https:\/\/www.drbrassard.com\/en\/\"},{\"@type\":\"ListItem\",\"position\":2,\"name\":\"About us\"}]},{\"@type\":\"WebSite\",\"@id\":\"https:\/\/www.drbrassard.com\/#website\",\"url\":\"https:\/\/www.drbrassard.com\/\",\"name\":\"Dr. Brassard\",\"description\":\"Site web de Dr Pierre Brassard, chirurgien plasticien.\",\"potentialAction\":[{\"@type\":\"SearchAction\",\"target\":{\"@type\":\"EntryPoint\",\"urlTemplate\":\"https:\/\/www.drbrassard.com\/?s={search_term_string}\"},\"query-input\":\"required name=search_term_string\"}],\"inLanguage\":\"en-US\"}]}<\/script>\n<!-- \/ Yoast SEO plugin. -->","yoast_head_json":{"title":"About us - Dr. Brassard","robots":{"index":"index","follow":"follow","max-snippet":"max-snippet:-1","max-image-preview":"max-image-preview:large","max-video-preview":"max-video-preview:-1"},"canonical":"https:\/\/www.drbrassard.com\/en\/about-us\/","og_locale":"en_US","og_type":"article","og_title":"About us - Dr. Brassard","og_description":"Dr. Pierre Brassard&#8217;s Cosmetic Surgery Clinic offers highly professional plastic and cosmetic surgery services that meet the highest standards in patient health and safety. Whether for surgical or non-surgical procedures, Dr. Pierre Brassard, along with his team, offer a reassuring environment. The details surrounding your procedure will be explained to you clearly and all of...","og_url":"https:\/\/www.drbrassard.com\/en\/about-us\/","og_site_name":"Dr. Brassard","article_modified_time":"2023-09-19T19:47:32+00:00","twitter_misc":{"Est. reading time":"1 minute"},"schema":{"@context":"https:\/\/schema.org","@graph":[{"@type":"WebPage","@id":"https:\/\/www.drbrassard.com\/en\/about-us\/","url":"https:\/\/www.drbrassard.com\/en\/about-us\/","name":"About us - Dr. Brassard","isPartOf":{"@id":"https:\/\/www.drbrassard.com\/#website"},"datePublished":"2015-08-24T20:23:15+00:00","dateModified":"2023-09-19T19:47:32+00:00","breadcrumb":{"@id":"https:\/\/www.drbrassard.com\/en\/about-us\/#breadcrumb"},"inLanguage":"en-US","potentialAction":[{"@type":"ReadAction","target":["https:\/\/www.drbrassard.com\/en\/about-us\/"]}]},{"@type":"BreadcrumbList","@id":"https:\/\/www.drbrassard.com\/en\/about-us\/#breadcrumb","itemListElement":[{"@type":"ListItem","position":1,"name":"Accueil","item":"https:\/\/www.drbrassard.com\/en\/"},{"@type":"ListItem","position":2,"name":"About us"}]},{"@type":"WebSite","@id":"https:\/\/www.drbrassard.com\/#website","url":"https:\/\/www.drbrassard.com\/","name":"Dr. Brassard","description":"Site web de Dr Pierre Brassard, chirurgien plasticien.","potentialAction":[{"@type":"SearchAction","target":{"@type":"EntryPoint","urlTemplate":"https:\/\/www.drbrassard.com\/?s={search_term_string}"},"query-input":"required name=search_term_string"}],"inLanguage":"en-US"}]}},"_links":{"self":[{"href":"https:\/\/www.drbrassard.com\/en\/wp-json\/wp\/v2\/pages\/130"}],"collection":[{"href":"https:\/\/www.drbrassard.com\/en\/wp-json\/wp\/v2\/pages"}],"about":[{"href":"https:\/\/www.drbrassard.com\/en\/wp-json\/wp\/v2\/types\/page"}],"author":[{"embeddable":true,"href":"https:\/\/www.drbrassard.com\/en\/wp-json\/wp\/v2\/users\/6"}],"replies":[{"embeddable":true,"href":"https:\/\/www.drbrassard.com\/en\/wp-json\/wp\/v2\/comments?post=130"}],"version-history":[{"count":2,"href":"https:\/\/www.drbrassard.com\/en\/wp-json\/wp\/v2\/pages\/130\/revisions"}],"predecessor-version":[{"id":833,"href":"https:\/\/www.drbrassard.com\/en\/wp-json\/wp\/v2\/pages\/130\/revisions\/833"}],"wp:attachment":[{"href":"https:\/\/www.drbrassard.com\/en\/wp-json\/wp\/v2\/media?parent=130"}],"curies":[{"name":"wp","href":"https:\/\/api.w.org\/{rel}","templated":true}]}}