{"id":131,"date":"2015-09-08T16:01:42","date_gmt":"2015-09-08T15:01:42","guid":{"rendered":"http:\/\/www.drbrassard.com\/en\/a-propos\/dr-pierre-brassard\/"},"modified":"2022-04-06T13:16:25","modified_gmt":"2022-04-06T17:16:25","slug":"dr-pierre-brassard","status":"publish","type":"page","link":"https:\/\/www.drbrassard.com\/en\/about-us\/dr-pierre-brassard\/","title":{"rendered":"Dr. Pierre Brassard"},"content":{"rendered":"<p style=\"text-align: justify;\">Dr. Pierre Brassard received his medical degree from Universit\u00e9 Laval in 1985, graduating first in his class and with honours. Four years later, he received his degree in plastic surgery from Universit\u00e9 de Montr\u00e9al and went on to sub-specialize in microsurgery at the H\u00f4pital Maisonneuve-Rosemont and the renowned Mayo Clinic in Minnesota.<\/p>\n<p style=\"text-align: justify;\">From 1990 to 1996, Dr. Brassard practised as a surgeon and teacher at the H\u00f4tel Dieu de Qu\u00e9bec Hospital and the H\u00f4tel Dieu de L\u00e9vis Hospital. He became a member of the Department of Plastic Surgery at the H\u00f4tel Dieu de St-J\u00e9r\u00f4me Hospital in 1996 and served as Head of the Department from 1998 to 2000. \u00a0Since 2000, Dr. Brassard has been devoted entirely to private practice and is the Chief Executive Officer and, since 2006, sole owner of the Centre M\u00e9tropolitain de Chirurgie.<\/p>\n","protected":false},"excerpt":{"rendered":"<p>Dr. Pierre Brassard received his medical degree from Universit\u00e9 Laval in 1985, graduating first in his class and with honours. Four years later, he received his degree in plastic surgery from Universit\u00e9 de Montr\u00e9al and went on to sub-specialize in microsurgery at the H\u00f4pital Maisonneuve-Rosemont and the renowned Mayo Clinic in Minnesota. From 1990 to&#8230;<\/p>\n","protected":false},"author":6,"featured_media":0,"parent":130,"menu_order":1,"comment_status":"closed","ping_status":"closed","template":"template-internes.php","meta":[],"yoast_head":"<!-- This site is optimized with the Yoast SEO plugin v20.2.1 - https:\/\/yoast.com\/wordpress\/plugins\/seo\/ -->\n<title>Dr. Pierre Brassard - Dr. Brassard<\/title>\n<meta name=\"robots\" content=\"index, follow, max-snippet:-1, max-image-preview:large, max-video-preview:-1\" \/>\n<link rel=\"canonical\" href=\"https:\/\/www.drbrassard.com\/en\/about-us\/dr-pierre-brassard\/\" \/>\n<meta property=\"og:locale\" content=\"en_US\" \/>\n<meta property=\"og:type\" content=\"article\" \/>\n<meta property=\"og:title\" content=\"Dr. Pierre Brassard - Dr. Brassard\" \/>\n<meta property=\"og:description\" content=\"Dr. Pierre Brassard received his medical degree from Universit\u00e9 Laval in 1985, graduating first in his class and with honours. Four years later, he received his degree in plastic surgery from Universit\u00e9 de Montr\u00e9al and went on to sub-specialize in microsurgery at the H\u00f4pital Maisonneuve-Rosemont and the renowned Mayo Clinic in Minnesota. From 1990 to...\" \/>\n<meta property=\"og:url\" content=\"https:\/\/www.drbrassard.com\/en\/about-us\/dr-pierre-brassard\/\" \/>\n<meta property=\"og:site_name\" content=\"Dr. Brassard\" \/>\n<meta property=\"article:modified_time\" content=\"2022-04-06T17:16:25+00:00\" \/>\n<meta name=\"twitter:label1\" content=\"Est. reading time\" \/>\n\t<meta name=\"twitter:data1\" content=\"1 minute\" \/>\n<script type=\"application\/ld+json\" class=\"yoast-schema-graph\">{\"@context\":\"https:\/\/schema.org\",\"@graph\":[{\"@type\":\"WebPage\",\"@id\":\"https:\/\/www.drbrassard.com\/en\/about-us\/dr-pierre-brassard\/\",\"url\":\"https:\/\/www.drbrassard.com\/en\/about-us\/dr-pierre-brassard\/\",\"name\":\"Dr. Pierre Brassard - Dr. Brassard\",\"isPartOf\":{\"@id\":\"https:\/\/www.drbrassard.com\/#website\"},\"datePublished\":\"2015-09-08T15:01:42+00:00\",\"dateModified\":\"2022-04-06T17:16:25+00:00\",\"breadcrumb\":{\"@id\":\"https:\/\/www.drbrassard.com\/en\/about-us\/dr-pierre-brassard\/#breadcrumb\"},\"inLanguage\":\"en-US\",\"potentialAction\":[{\"@type\":\"ReadAction\",\"target\":[\"https:\/\/www.drbrassard.com\/en\/about-us\/dr-pierre-brassard\/\"]}]},{\"@type\":\"BreadcrumbList\",\"@id\":\"https:\/\/www.drbrassard.com\/en\/about-us\/dr-pierre-brassard\/#breadcrumb\",\"itemListElement\":[{\"@type\":\"ListItem\",\"position\":1,\"name\":\"Accueil\",\"item\":\"https:\/\/www.drbrassard.com\/en\/\"},{\"@type\":\"ListItem\",\"position\":2,\"name\":\"About us\",\"item\":\"https:\/\/www.drbrassard.com\/en\/about-us\/\"},{\"@type\":\"ListItem\",\"position\":3,\"name\":\"Dr. Pierre Brassard\"}]},{\"@type\":\"WebSite\",\"@id\":\"https:\/\/www.drbrassard.com\/#website\",\"url\":\"https:\/\/www.drbrassard.com\/\",\"name\":\"Dr. Brassard\",\"description\":\"Site web de Dr Pierre Brassard, chirurgien plasticien.\",\"potentialAction\":[{\"@type\":\"SearchAction\",\"target\":{\"@type\":\"EntryPoint\",\"urlTemplate\":\"https:\/\/www.drbrassard.com\/?s={search_term_string}\"},\"query-input\":\"required name=search_term_string\"}],\"inLanguage\":\"en-US\"}]}<\/script>\n<!-- \/ Yoast SEO plugin. -->","yoast_head_json":{"title":"Dr. Pierre Brassard - Dr. Brassard","robots":{"index":"index","follow":"follow","max-snippet":"max-snippet:-1","max-image-preview":"max-image-preview:large","max-video-preview":"max-video-preview:-1"},"canonical":"https:\/\/www.drbrassard.com\/en\/about-us\/dr-pierre-brassard\/","og_locale":"en_US","og_type":"article","og_title":"Dr. Pierre Brassard - Dr. Brassard","og_description":"Dr. Pierre Brassard received his medical degree from Universit\u00e9 Laval in 1985, graduating first in his class and with honours. Four years later, he received his degree in plastic surgery from Universit\u00e9 de Montr\u00e9al and went on to sub-specialize in microsurgery at the H\u00f4pital Maisonneuve-Rosemont and the renowned Mayo Clinic in Minnesota. From 1990 to...","og_url":"https:\/\/www.drbrassard.com\/en\/about-us\/dr-pierre-brassard\/","og_site_name":"Dr. Brassard","article_modified_time":"2022-04-06T17:16:25+00:00","twitter_misc":{"Est. reading time":"1 minute"},"schema":{"@context":"https:\/\/schema.org","@graph":[{"@type":"WebPage","@id":"https:\/\/www.drbrassard.com\/en\/about-us\/dr-pierre-brassard\/","url":"https:\/\/www.drbrassard.com\/en\/about-us\/dr-pierre-brassard\/","name":"Dr. Pierre Brassard - Dr. Brassard","isPartOf":{"@id":"https:\/\/www.drbrassard.com\/#website"},"datePublished":"2015-09-08T15:01:42+00:00","dateModified":"2022-04-06T17:16:25+00:00","breadcrumb":{"@id":"https:\/\/www.drbrassard.com\/en\/about-us\/dr-pierre-brassard\/#breadcrumb"},"inLanguage":"en-US","potentialAction":[{"@type":"ReadAction","target":["https:\/\/www.drbrassard.com\/en\/about-us\/dr-pierre-brassard\/"]}]},{"@type":"BreadcrumbList","@id":"https:\/\/www.drbrassard.com\/en\/about-us\/dr-pierre-brassard\/#breadcrumb","itemListElement":[{"@type":"ListItem","position":1,"name":"Accueil","item":"https:\/\/www.drbrassard.com\/en\/"},{"@type":"ListItem","position":2,"name":"About us","item":"https:\/\/www.drbrassard.com\/en\/about-us\/"},{"@type":"ListItem","position":3,"name":"Dr. Pierre Brassard"}]},{"@type":"WebSite","@id":"https:\/\/www.drbrassard.com\/#website","url":"https:\/\/www.drbrassard.com\/","name":"Dr. Brassard","description":"Site web de Dr Pierre Brassard, chirurgien plasticien.","potentialAction":[{"@type":"SearchAction","target":{"@type":"EntryPoint","urlTemplate":"https:\/\/www.drbrassard.com\/?s={search_term_string}"},"query-input":"required name=search_term_string"}],"inLanguage":"en-US"}]}},"_links":{"self":[{"href":"https:\/\/www.drbrassard.com\/en\/wp-json\/wp\/v2\/pages\/131"}],"collection":[{"href":"https:\/\/www.drbrassard.com\/en\/wp-json\/wp\/v2\/pages"}],"about":[{"href":"https:\/\/www.drbrassard.com\/en\/wp-json\/wp\/v2\/types\/page"}],"author":[{"embeddable":true,"href":"https:\/\/www.drbrassard.com\/en\/wp-json\/wp\/v2\/users\/6"}],"replies":[{"embeddable":true,"href":"https:\/\/www.drbrassard.com\/en\/wp-json\/wp\/v2\/comments?post=131"}],"version-history":[{"count":0,"href":"https:\/\/www.drbrassard.com\/en\/wp-json\/wp\/v2\/pages\/131\/revisions"}],"up":[{"embeddable":true,"href":"https:\/\/www.drbrassard.com\/en\/wp-json\/wp\/v2\/pages\/130"}],"wp:attachment":[{"href":"https:\/\/www.drbrassard.com\/en\/wp-json\/wp\/v2\/media?parent=131"}],"curies":[{"name":"wp","href":"https:\/\/api.w.org\/{rel}","templated":true}]}}